{"id":224,"date":"2017-03-13T11:54:11","date_gmt":"2017-03-13T11:54:11","guid":{"rendered":"http:http:parps.pt\/\/?page_id=224"},"modified":"2017-04-18T10:55:08","modified_gmt":"2017-04-18T10:55:08","slug":"termos-condicoes","status":"publish","type":"page","link":"https:\/\/parps.pt\/zh\/termos-condicoes\/","title":{"rendered":"Termos &#038; Condi\u00e7\u00f5es"},"content":{"rendered":"<p>O conte\u00fado deste s\u00edtio \u00e9 disponibilizado com o objetivo de fornecer informa\u00e7\u00f5es de car\u00e1ter geral e n\u00e3o constitui a presta\u00e7\u00e3o de servi\u00e7os jur\u00eddicos. A PARPS\u00a0\u2013Sociedade de Advogados, SP, RL exclui a sua responsabilidade por quaisquer danos que poder\u00e3o ocorrer relacionados com a informa\u00e7\u00e3o contida neste s\u00edtio. Este s\u00edtio \u00e9 meramente informativo e n\u00e3o tem um conte\u00fado publicit\u00e1rio.<\/p>\n<p>A PARPS\u00a0\u2013 Sociedade de Advogados, SP, RL autoriza o descarregamento e armazenamento tempor\u00e1rio do conte\u00fado deste s\u00edtio para efeitos de visionamento do mesmo num computador pessoal ou monitor.<\/p>\n<p>A reprodu\u00e7\u00e3o, armazenamento permanente ou retransmiss\u00e3o do conte\u00fado deste s\u00edtio s\u00e3o expressamente proibidos sem a autoriza\u00e7\u00e3o pr\u00e9via e por escrito da PARPS\u00a0\u2013 Sociedade de Advogados, SP, RL. Todos os direitos relativos a este s\u00edtio, incluindo a marca registada \u201cPARPS\u201d, s\u00e3o da titularidade exclusiva da PARPS\u00a0\u2013 Sociedade de Advogados, SP, RL.<\/p>\n<p>&nbsp;<\/p>\n<p>Ao utilizar este s\u00edtio concorda com a recolha e uso das suas informa\u00e7\u00f5es. Se alterarmos os nossos termos, essas altera\u00e7\u00f5es ser\u00e3o publicadas neste s\u00edtio.<\/p>\n","protected":false},"excerpt":{"rendered":"<p>O conte\u00fado deste s\u00edtio \u00e9 disponibilizado com o objetivo [&hellip;]<\/p>\n","protected":false},"author":3,"featured_media":0,"parent":0,"menu_order":0,"comment_status":"closed","ping_status":"closed","template":"template-text.php","meta":[],"_links":{"self":[{"href":"https:\/\/parps.pt\/zh\/wp-json\/wp\/v2\/pages\/224"}],"collection":[{"href":"https:\/\/parps.pt\/zh\/wp-json\/wp\/v2\/pages"}],"about":[{"href":"https:\/\/parps.pt\/zh\/wp-json\/wp\/v2\/types\/page"}],"author":[{"embeddable":true,"href":"https:\/\/parps.pt\/zh\/wp-json\/wp\/v2\/users\/3"}],"replies":[{"embeddable":true,"href":"https:\/\/parps.pt\/zh\/wp-json\/wp\/v2\/comments?post=224"}],"version-history":[{"count":7,"href":"https:\/\/parps.pt\/zh\/wp-json\/wp\/v2\/pages\/224\/revisions"}],"predecessor-version":[{"id":408,"href":"https:\/\/parps.pt\/zh\/wp-json\/wp\/v2\/pages\/224\/revisions\/408"}],"wp:attachment":[{"href":"https:\/\/parps.pt\/zh\/wp-json\/wp\/v2\/media?parent=224"}],"curies":[{"name":"wp","href":"https:\/\/api.w.org\/{rel}","templated":true}]}}